{"id":3539,"date":"2020-08-21T13:23:24","date_gmt":"2020-08-21T17:23:24","guid":{"rendered":"https:\/\/gpsites.co\/coach\/?page_id=3539"},"modified":"2025-06-10T20:26:41","modified_gmt":"2025-06-10T20:26:41","slug":"research","status":"publish","type":"page","link":"https:\/\/mamm.cfdh.ca\/fr\/research\/","title":{"rendered":"Recherche"},"content":{"rendered":"<div class=\"gb-container gb-container-67e8d169\">\n<div class=\"gb-container gb-container-08e63f2a\">\n<div class=\"gb-container gb-container-44abfbf4\">\n\n<h1 class=\"gb-headline gb-headline-9e8249e2 gb-headline-text\">Notre processus de recherche et nos r\u00e9sultats <\/h1>\n\n\n\n<blockquote class=\"wp-block-quote is-style-plain is-layout-flow wp-block-quote-is-layout-flow\">\n<p>In <em>Dans Data Feminism , D'Ignazio et Klein enregistrent comme principes fondamentaux les donn\u00e9es selon lesquelles le f\u00e9minisme des donn\u00e9es<\/em>,&nbsp;D\u2019Ignazio and Klein register as core principles data that data feminism \u201c<mark style=\"background-color:rgba(0, 0, 0, 0)\" class=\"has-inline-color has-accent-color\">teaches us to value multiple forms of knowledge, including the knowledge that comes from people as living, feeling bodies in the world<\/mark>\" et que \"<mark style=\"background-color:rgba(0, 0, 0, 0)\" class=\"has-inline-color has-accent-color\">the work of data science, like all work in the world, is the work of many hands. Data feminism makes this labor visible so that it can be recognized and valued<\/mark>.\u201d <\/p>\n<cite>Deux questions cl\u00e9s ressortent de ces principes dans le projet MAMM <br><strong>comment la lecture rapproch\u00e9e peut-elle se d\u00e9rouler de mani\u00e8re collaborative et \u00eatre cartographi\u00e9e dans un environnement num\u00e9rique ? Dans le cadre de ce travail, comment une \u00e9quipe de chercheurs peut-elle articuler une m\u00e9thodologie f\u00e9ministe pour la collecte de donn\u00e9es<\/strong><\/cite><\/blockquote>\n\n<\/div>\n<\/div>\n<\/div>\n\n<div class=\"gb-container gb-container-6a92d610\">\n<div class=\"gb-container gb-container-099ef5fb\"><\/div>\n\n<div class=\"gb-container gb-container-ba3d2b40\">\n\n<h2 class=\"gb-headline gb-headline-8453ec9a\"><span class=\"gb-icon\"><svg viewbox=\"0 0 16 16\" class=\"bi bi-book\" fill=\"currentColor\" height=\"16\" width=\"16\" xmlns=\"http:\/\/www.w3.org\/2000\/svg\">   <path d=\"M1 2.828c.885-.37 2.154-.769 3.388-.893 1.33-.134 2.458.063 3.112.752v9.746c-.935-.53-2.12-.603-3.213-.493-1.18.12-2.37.461-3.287.811zm7.5-.141c.654-.689 1.782-.886 3.112-.752 1.234.124 2.503.523 3.388.893v9.923c-.918-.35-2.107-.692-3.287-.81-1.094-.111-2.278-.039-3.213.492zM8 1.783C7.015.936 5.587.81 4.287.94c-1.514.153-3.042.672-3.994 1.105A.5.5 0 0 0 0 2.5v11a.5.5 0 0 0 .707.455c.882-.4 2.303-.881 3.68-1.02 1.409-.142 2.59.087 3.223.877a.5.5 0 0 0 .78 0c.633-.79 1.814-1.019 3.222-.877 1.378.139 2.8.62 3.681 1.02A.5.5 0 0 0 16 13.5v-11a.5.5 0 0 0-.293-.455c-.952-.433-2.48-.952-3.994-1.105C10.413.809 8.985.936 8 1.783\"><\/path> <\/svg><\/span><span class=\"gb-headline-text\">M\u00e9thodes<\/span><\/h2>\n\n\n\n<h3 class=\"gb-headline gb-headline-0c4aa35d gb-headline-text\">Priorit\u00e9s de collecte de donn\u00e9es<\/h3>\n\n\n\n<ul class=\"wp-block-list\">\n<li>Que les param\u00e8tres de collecte et d\u2019\u00e9valuation des preuves textuelles soient clairement d\u00e9finis.&nbsp;<\/li>\n\n\n\n<li>Cette collecte de donn\u00e9es pourrait se d\u00e9rouler de mani\u00e8re asynchrone et pourtant collaborative.&nbsp;&nbsp;<\/li>\n\n\n\n<li>Que les donn\u00e9es collect\u00e9es soient utilisables dans de futurs projets de cartographie, de visualisation et d\u2019interpr\u00e9tation critique.&nbsp;<\/li>\n\n\n\n<li>Que les outils soient adaptables aux futurs projets de collecte de donn\u00e9es en \u00e9tudes litt\u00e9raires.&nbsp;<\/li>\n\n\n\n<li>Que certains principes fondamentaux du f\u00e9minisme des donn\u00e9es \u2013 \u00e0 savoir \u00ab valoriser l\u2019\u00e9motion et l\u2019incarnation \u00bb et \u00ab rendre le travail visible \u00bb (D\u2019Ignazio et Klein 2020) \u2013 soient mis en avant dans la conception et l\u2019utilisation des outils de collecte de donn\u00e9es.&nbsp;<\/li>\n<\/ul>\n\n\n\n<a class=\"gb-button gb-button-d545ba2b\" href=\"https:\/\/mamm.cfdh.ca\/wp-content\/uploads\/2024\/06\/Glossary-of-Terms-Tool.pdf\"><span class=\"gb-button-text\">Learn more about our methodology<\/span><span class=\"gb-icon\"><svg aria-hidden=\"true\" data-prefix=\"fas\" data-icon=\"long-arrow-alt-right\" class=\"svg-inline--fa fa-long-arrow-alt-right fa-w-14\" xmlns=\"http:\/\/www.w3.org\/2000\/svg\" viewbox=\"0 0 448 512\"><path fill=\"currentColor\" d=\"M313.941 216H12c-6.627 0-12 5.373-12 12v56c0 6.627 5.373 12 12 12h301.941v46.059c0 21.382 25.851 32.09 40.971 16.971l86.059-86.059c9.373-9.373 9.373-24.569 0-33.941l-86.059-86.059c-15.119-15.119-40.971-4.411-40.971 16.971V216z\"><\/path><\/svg><\/span><\/a>\n\n\n\n<h3 class=\"gb-headline gb-headline-5e093383 gb-headline-text\">Text Analysis:<\/h3>\n\n\n\n<ul class=\"wp-block-list\">\n<li>We describe our approach to text analysis with Voyant in our 2025 conference paper, &#8220;Reading Women\u2019s Friendships in Fayne: The Interplay of Human and Machine Level Data Processing.&#8221; <\/li>\n<\/ul>\n\n\n\n<a class=\"gb-button gb-button-2fdfca66\" href=\"https:\/\/mamm.cfdh.ca\/fr\/reading-womens-friendships-in-ann-marie-macdonalds-faynethe-interplay-of-human-and-machine-level-data-processing\/\"><span class=\"gb-button-text\">Learn more about our analysis<\/span><span class=\"gb-icon\"><svg aria-hidden=\"true\" data-prefix=\"fas\" data-icon=\"long-arrow-alt-right\" class=\"svg-inline--fa fa-long-arrow-alt-right fa-w-14\" xmlns=\"http:\/\/www.w3.org\/2000\/svg\" viewbox=\"0 0 448 512\"><path fill=\"currentColor\" d=\"M313.941 216H12c-6.627 0-12 5.373-12 12v56c0 6.627 5.373 12 12 12h301.941v46.059c0 21.382 25.851 32.09 40.971 16.971l86.059-86.059c9.373-9.373 9.373-24.569 0-33.941l-86.059-86.059c-15.119-15.119-40.971-4.411-40.971 16.971V216z\"><\/path><\/svg><\/span><\/a>\n\n<\/div>\n<\/div>\n\n<div class=\"gb-container gb-container-29b266f3\">\n<div class=\"gb-container gb-container-ccae6aa2\">\n\n<h2 class=\"gb-headline gb-headline-5237ba7b\"><span class=\"gb-icon\"><svg viewbox=\"0 0 16 16\" class=\"bi bi-calendar-event\" fill=\"currentColor\" height=\"16\" width=\"16\" xmlns=\"http:\/\/www.w3.org\/2000\/svg\">   <path d=\"M11 6.5a.5.5 0 0 1 .5-.5h1a.5.5 0 0 1 .5.5v1a.5.5 0 0 1-.5.5h-1a.5.5 0 0 1-.5-.5z\"><\/path>   <path d=\"M3.5 0a.5.5 0 0 1 .5.5V1h8V.5a.5.5 0 0 1 1 0V1h1a2 2 0 0 1 2 2v11a2 2 0 0 1-2 2H2a2 2 0 0 1-2-2V3a2 2 0 0 1 2-2h1V.5a.5.5 0 0 1 .5-.5M1 4v10a1 1 0 0 0 1 1h12a1 1 0 0 0 1-1V4z\"><\/path> <\/svg><\/span><span class=\"gb-headline-text\">Pr\u00e9sentations <\/span><\/h2>\n\n\n\n<h3 class=\"wp-block-heading\">Dans les conf\u00e9rences<\/h3>\n\n\n\n<p><\/p>\n\n\n\n<ul class=\"wp-block-list\">\n<li>Neta Gordon and the MAMM Team. &#8220;Reading Women&#8217;s Friendships in Fayne: The Interplay of Human and Machine Level Data Processing.&#8221; Presentation for CSDH, George Brown College, June 2025.&nbsp;<a href=\"https:\/\/mamm.cfdh.ca\/wp-content\/uploads\/2025\/06\/Big-Text-Versus-Small-Text-in-Voyant.pdf\" target=\"_blank\" rel=\"noreferrer noopener\">Big Text Versus Small Text in Voyant<\/a><\/li>\n\n\n\n<li>Emily Mills and Pilar Dietrich, and the MAMM Team. &#8220;Mapping Ann-Marie MacDonald.&#8221; Presentation for CAG, Carleton University, May 2025.<\/li>\n\n\n\n<li>Dana Alrifai, Renee Colucci, and Pilar Dietrich, and the MAMM Team. &#8220;The Mapping Ann-Marie MacDonald Research Project.&#8221; Presentation for the ESA Undergraduate Conference, Brock University, April 2025.<\/li>\n\n\n\n<li>Neta Gordon, and the MAMM Team. \u201cThe&nbsp;<em>Mapping Ann-Marie MacDonald Project<\/em>: Explorations in methodology.\u201d Presentation for the HRI Spring Symposium, Brock University, April 2025.<\/li>\n\n\n\n<li>Neta Gordon, and the MAMM Team. &#8220;Ann-Marie MacDonald&#8217;s Geographical Imaginary: Feminist Mapping and Literary Data.&#8221; Presentation for CSDH Conference, Universit\u00e9 de Montr\u00e9al, June 2024.<\/li>\n\n\n\n<li>Olivia Hay and Emily Mills, and the MAMM Team. &#8220;Interdisciplinarity as Method: The Space of\/in Digital Humanities Research in the &#8216;Mapping Ann-Marie MacDonald&#8217; Project.&#8221; Presentation for ACQL Conference, Online Presentation, June 2024.<\/li>\n\n\n\n<li>Neta Gordon, and the MAMM Team. &#8220;&#8216;Turning me this way and that&#8217;: The Practical and Affective Challenges of&nbsp;\u200bMoving Beyond Disciplinarity.&#8221; \u200bPresentation for the HRI Symposium, Brock University, December 2023.<\/li>\n<\/ul>\n\n\n\n<p><\/p>\n\n\n\n<h3 class=\"wp-block-heading\">Dans les ateliers<\/h3>\n\n\n\n<ul class=\"wp-block-list\">\n<li>MAMM Team, with Alisa Palmer. The Space of the Theatre. Marilyn I Walker School of Fine and Performing Arts, Brock University, September 2024.<\/li>\n\n\n\n<li>MAMM Team, with Ann-Marie MacDonald. Phase 1 Data Collection Workshop. Rankin Family Pavilion, Brock University, March 2024.<\/li>\n<\/ul>\n\n\n\n<a class=\"gb-button gb-button-05b732bf\" href=\"https:\/\/mamm.cfdh.ca\/fr\/conferences\/\"><span class=\"gb-button-text\">Apprendre encore plus<\/span><span class=\"gb-icon\"><svg aria-hidden=\"true\" data-prefix=\"fas\" data-icon=\"long-arrow-alt-right\" class=\"svg-inline--fa fa-long-arrow-alt-right fa-w-14\" xmlns=\"http:\/\/www.w3.org\/2000\/svg\" viewbox=\"0 0 448 512\"><path fill=\"currentColor\" d=\"M313.941 216H12c-6.627 0-12 5.373-12 12v56c0 6.627 5.373 12 12 12h301.941v46.059c0 21.382 25.851 32.09 40.971 16.971l86.059-86.059c9.373-9.373 9.373-24.569 0-33.941l-86.059-86.059c-15.119-15.119-40.971-4.411-40.971 16.971V216z\"><\/path><\/svg><\/span><\/a>\n\n<\/div>\n\n<div class=\"gb-container gb-container-db0e949c\"><\/div>\n<\/div>\n\n<div class=\"gb-container gb-container-5cb56082\">\n<div class=\"gb-container gb-container-1c4af9dd\"><\/div>\n\n<div class=\"gb-container gb-container-a9916a36\">\n\n<h2 class=\"gb-headline gb-headline-403c296f\"><span class=\"gb-icon\"><svg viewbox=\"0 0 16 16\" class=\"bi bi-laptop\" fill=\"currentColor\" height=\"16\" width=\"16\" xmlns=\"http:\/\/www.w3.org\/2000\/svg\">   <path d=\"M13.5 3a.5.5 0 0 1 .5.5V11H2V3.5a.5.5 0 0 1 .5-.5zm-11-1A1.5 1.5 0 0 0 1 3.5V12h14V3.5A1.5 1.5 0 0 0 13.5 2zM0 12.5h16a1.5 1.5 0 0 1-1.5 1.5h-13A1.5 1.5 0 0 1 0 12.5\"><\/path> <\/svg><\/span><span class=\"gb-headline-text\">Publications<\/span><\/h2>\n\n\n\n<h3 class=\"wp-block-heading\">Dans les revues<span style=\"text-decoration: underline;\"><\/span><\/h3>\n\n\n\n<p>Neta Gordon, and the MAMM Team. &#8220;Case Study: Integrated Close Reading of Spatial Representation in Ann-Marie MacDonald\u2019s <em>The Way the Crow Flies<\/em>.&#8221; To be submitted to <em>DHQ<\/em> (In progress).<\/p>\n\n\n\n<h3 class=\"wp-block-heading\">Une bibliographie<\/h3>\n\n\n\n<p>A searchable collection of works on Ann-Marie MacDonald is available at <a href=\"https:\/\/www.ammbibliography.com\/\">https:\/\/www.ammbibliography.com\/<\/a><\/p>\n\n\n\n<a class=\"gb-button gb-button-2d6ef74a\" href=\"https:\/\/www.ammbibliography.com\/\"><span class=\"gb-button-text\">En savoir plus<\/span><span class=\"gb-icon\"><svg aria-hidden=\"true\" data-prefix=\"fas\" data-icon=\"long-arrow-alt-right\" class=\"svg-inline--fa fa-long-arrow-alt-right fa-w-14\" xmlns=\"http:\/\/www.w3.org\/2000\/svg\" viewbox=\"0 0 448 512\"><path fill=\"currentColor\" d=\"M313.941 216H12c-6.627 0-12 5.373-12 12v56c0 6.627 5.373 12 12 12h301.941v46.059c0 21.382 25.851 32.09 40.971 16.971l86.059-86.059c9.373-9.373 9.373-24.569 0-33.941l-86.059-86.059c-15.119-15.119-40.971-4.411-40.971 16.971V216z\"><\/path><\/svg><\/span><\/a>\n\n<\/div>\n<\/div>","protected":false},"excerpt":{"rendered":"<p>Our Research Process and Outcomes In Data Feminism,&nbsp;D\u2019Ignazio and Klein register as core principles data that data feminism \u201cteaches us to value multiple forms of knowledge, including the knowledge that comes from people as living, feeling bodies in the world\u201d and that \u201cthe work of data science, like all work in the world, is the &#8230; <a title=\"Recherche\" class=\"read-more\" href=\"https:\/\/mamm.cfdh.ca\/fr\/research\/\" aria-label=\"En savoir plus sur Research\">En savoir plus<\/a><\/p>","protected":false},"author":2,"featured_media":0,"parent":0,"menu_order":0,"comment_status":"closed","ping_status":"closed","template":"","meta":{"footnotes":"[]"},"class_list":{"0":"post-3539","1":"page","2":"type-page","3":"status-publish","5":"no-featured-image-padding"},"yoast_head":"<!-- This site is optimized with the Yoast SEO plugin v27.5 - https:\/\/yoast.com\/product\/yoast-seo-wordpress\/ -->\n<title>Research - Mapping Ann-Marie MacDonald<\/title>\n<meta name=\"robots\" content=\"index, follow, max-snippet:-1, max-image-preview:large, max-video-preview:-1\" \/>\n<link rel=\"canonical\" href=\"https:\/\/mamm.cfdh.ca\/fr\/research\/\" \/>\n<meta property=\"og:locale\" content=\"fr_FR\" \/>\n<meta property=\"og:type\" content=\"article\" \/>\n<meta property=\"og:title\" content=\"Research - Mapping Ann-Marie MacDonald\" \/>\n<meta property=\"og:description\" content=\"Our Research Process and Outcomes In Data Feminism,&nbsp;D\u2019Ignazio and Klein register as core principles data that data feminism \u201cteaches us to value multiple forms of knowledge, including the knowledge that comes from people as living, feeling bodies in the world\u201d and that \u201cthe work of data science, like all work in the world, is the ... Read More\" \/>\n<meta property=\"og:url\" content=\"https:\/\/mamm.cfdh.ca\/fr\/research\/\" \/>\n<meta property=\"og:site_name\" content=\"Mapping Ann-Marie MacDonald\" \/>\n<meta property=\"article:modified_time\" content=\"2025-06-10T20:26:41+00:00\" \/>\n<meta name=\"twitter:card\" content=\"summary_large_image\" \/>\n<meta name=\"twitter:label1\" content=\"Dur\u00e9e de lecture estim\u00e9e\" \/>\n\t<meta name=\"twitter:data1\" content=\"2 minutes\" \/>\n<script type=\"application\/ld+json\" class=\"yoast-schema-graph\">{\"@context\":\"https:\\\/\\\/schema.org\",\"@graph\":[{\"@type\":\"WebPage\",\"@id\":\"https:\\\/\\\/mamm.cfdh.ca\\\/research\\\/\",\"url\":\"https:\\\/\\\/mamm.cfdh.ca\\\/research\\\/\",\"name\":\"Research - Mapping Ann-Marie MacDonald\",\"isPartOf\":{\"@id\":\"https:\\\/\\\/mamm.cfdh.ca\\\/#website\"},\"datePublished\":\"2020-08-21T17:23:24+00:00\",\"dateModified\":\"2025-06-10T20:26:41+00:00\",\"breadcrumb\":{\"@id\":\"https:\\\/\\\/mamm.cfdh.ca\\\/research\\\/#breadcrumb\"},\"inLanguage\":\"fr-FR\",\"potentialAction\":[{\"@type\":\"ReadAction\",\"target\":[\"https:\\\/\\\/mamm.cfdh.ca\\\/research\\\/\"]}]},{\"@type\":\"BreadcrumbList\",\"@id\":\"https:\\\/\\\/mamm.cfdh.ca\\\/research\\\/#breadcrumb\",\"itemListElement\":[{\"@type\":\"ListItem\",\"position\":1,\"name\":\"Home\",\"item\":\"https:\\\/\\\/mamm.cfdh.ca\\\/\"},{\"@type\":\"ListItem\",\"position\":2,\"name\":\"Research\"}]},{\"@type\":\"WebSite\",\"@id\":\"https:\\\/\\\/mamm.cfdh.ca\\\/#website\",\"url\":\"https:\\\/\\\/mamm.cfdh.ca\\\/\",\"name\":\"Mapping Ann-Marie MacDonald\",\"description\":\"\",\"publisher\":{\"@id\":\"https:\\\/\\\/mamm.cfdh.ca\\\/#organization\"},\"potentialAction\":[{\"@type\":\"SearchAction\",\"target\":{\"@type\":\"EntryPoint\",\"urlTemplate\":\"https:\\\/\\\/mamm.cfdh.ca\\\/?s={search_term_string}\"},\"query-input\":{\"@type\":\"PropertyValueSpecification\",\"valueRequired\":true,\"valueName\":\"search_term_string\"}}],\"inLanguage\":\"fr-FR\"},{\"@type\":\"Organization\",\"@id\":\"https:\\\/\\\/mamm.cfdh.ca\\\/#organization\",\"name\":\"Mapping Ann-Marie MacDonald\",\"url\":\"https:\\\/\\\/mamm.cfdh.ca\\\/\",\"logo\":{\"@type\":\"ImageObject\",\"inLanguage\":\"fr-FR\",\"@id\":\"https:\\\/\\\/mamm.cfdh.ca\\\/#\\\/schema\\\/logo\\\/image\\\/\",\"url\":\"https:\\\/\\\/mamm.cfdh.ca\\\/wp-content\\\/uploads\\\/2024\\\/02\\\/cropped-03-AMM-Logo-Color.png\",\"contentUrl\":\"https:\\\/\\\/mamm.cfdh.ca\\\/wp-content\\\/uploads\\\/2024\\\/02\\\/cropped-03-AMM-Logo-Color.png\",\"width\":1500,\"height\":1444,\"caption\":\"Mapping Ann-Marie MacDonald\"},\"image\":{\"@id\":\"https:\\\/\\\/mamm.cfdh.ca\\\/#\\\/schema\\\/logo\\\/image\\\/\"}}]}<\/script>\n<!-- \/ Yoast SEO plugin. -->","yoast_head_json":{"title":"Research - Mapping Ann-Marie MacDonald","robots":{"index":"index","follow":"follow","max-snippet":"max-snippet:-1","max-image-preview":"max-image-preview:large","max-video-preview":"max-video-preview:-1"},"canonical":"https:\/\/mamm.cfdh.ca\/fr\/research\/","og_locale":"fr_FR","og_type":"article","og_title":"Research - Mapping Ann-Marie MacDonald","og_description":"Our Research Process and Outcomes In Data Feminism,&nbsp;D\u2019Ignazio and Klein register as core principles data that data feminism \u201cteaches us to value multiple forms of knowledge, including the knowledge that comes from people as living, feeling bodies in the world\u201d and that \u201cthe work of data science, like all work in the world, is the ... Read More","og_url":"https:\/\/mamm.cfdh.ca\/fr\/research\/","og_site_name":"Mapping Ann-Marie MacDonald","article_modified_time":"2025-06-10T20:26:41+00:00","twitter_card":"summary_large_image","twitter_misc":{"Dur\u00e9e de lecture estim\u00e9e":"2 minutes"},"schema":{"@context":"https:\/\/schema.org","@graph":[{"@type":"WebPage","@id":"https:\/\/mamm.cfdh.ca\/research\/","url":"https:\/\/mamm.cfdh.ca\/research\/","name":"Research - Mapping Ann-Marie MacDonald","isPartOf":{"@id":"https:\/\/mamm.cfdh.ca\/#website"},"datePublished":"2020-08-21T17:23:24+00:00","dateModified":"2025-06-10T20:26:41+00:00","breadcrumb":{"@id":"https:\/\/mamm.cfdh.ca\/research\/#breadcrumb"},"inLanguage":"fr-FR","potentialAction":[{"@type":"ReadAction","target":["https:\/\/mamm.cfdh.ca\/research\/"]}]},{"@type":"BreadcrumbList","@id":"https:\/\/mamm.cfdh.ca\/research\/#breadcrumb","itemListElement":[{"@type":"ListItem","position":1,"name":"Home","item":"https:\/\/mamm.cfdh.ca\/"},{"@type":"ListItem","position":2,"name":"Research"}]},{"@type":"WebSite","@id":"https:\/\/mamm.cfdh.ca\/#website","url":"https:\/\/mamm.cfdh.ca\/","name":"Cartographie d'Ann-Marie MacDonald","description":"","publisher":{"@id":"https:\/\/mamm.cfdh.ca\/#organization"},"potentialAction":[{"@type":"SearchAction","target":{"@type":"EntryPoint","urlTemplate":"https:\/\/mamm.cfdh.ca\/?s={search_term_string}"},"query-input":{"@type":"PropertyValueSpecification","valueRequired":true,"valueName":"search_term_string"}}],"inLanguage":"fr-FR"},{"@type":"Organization","@id":"https:\/\/mamm.cfdh.ca\/#organization","name":"Cartographie d'Ann-Marie MacDonald","url":"https:\/\/mamm.cfdh.ca\/","logo":{"@type":"ImageObject","inLanguage":"fr-FR","@id":"https:\/\/mamm.cfdh.ca\/#\/schema\/logo\/image\/","url":"https:\/\/mamm.cfdh.ca\/wp-content\/uploads\/2024\/02\/cropped-03-AMM-Logo-Color.png","contentUrl":"https:\/\/mamm.cfdh.ca\/wp-content\/uploads\/2024\/02\/cropped-03-AMM-Logo-Color.png","width":1500,"height":1444,"caption":"Mapping Ann-Marie MacDonald"},"image":{"@id":"https:\/\/mamm.cfdh.ca\/#\/schema\/logo\/image\/"}}]}},"_links":{"self":[{"href":"https:\/\/mamm.cfdh.ca\/fr\/wp-json\/wp\/v2\/pages\/3539","targetHints":{"allow":["GET"]}}],"collection":[{"href":"https:\/\/mamm.cfdh.ca\/fr\/wp-json\/wp\/v2\/pages"}],"about":[{"href":"https:\/\/mamm.cfdh.ca\/fr\/wp-json\/wp\/v2\/types\/page"}],"author":[{"embeddable":true,"href":"https:\/\/mamm.cfdh.ca\/fr\/wp-json\/wp\/v2\/users\/2"}],"replies":[{"embeddable":true,"href":"https:\/\/mamm.cfdh.ca\/fr\/wp-json\/wp\/v2\/comments?post=3539"}],"version-history":[{"count":47,"href":"https:\/\/mamm.cfdh.ca\/fr\/wp-json\/wp\/v2\/pages\/3539\/revisions"}],"predecessor-version":[{"id":7565,"href":"https:\/\/mamm.cfdh.ca\/fr\/wp-json\/wp\/v2\/pages\/3539\/revisions\/7565"}],"wp:attachment":[{"href":"https:\/\/mamm.cfdh.ca\/fr\/wp-json\/wp\/v2\/media?parent=3539"}],"curies":[{"name":"wp","href":"https:\/\/api.w.org\/{rel}","templated":true}]}}