{"id":4572,"date":"2020-08-27T10:44:40","date_gmt":"2020-08-27T14:44:40","guid":{"rendered":"https:\/\/gpsites.co\/coach\/?page_id=4572"},"modified":"2024-06-13T15:21:09","modified_gmt":"2024-06-13T15:21:09","slug":"contact","status":"publish","type":"page","link":"https:\/\/mamm.cfdh.ca\/fr\/contact\/","title":{"rendered":"Contactez-nous"},"content":{"rendered":"<div class=\"gb-container gb-container-d2eafea0\">\n<div class=\"gb-container gb-container-bd30b78a\">\n<div class=\"gb-container gb-container-d32b8d37\">\n\n<h1 class=\"gb-headline gb-headline-b5015ca4 gb-headline-text\">Nous sommes toujours \u00e0 la recherche de collaborateurs avec de bonnes id\u00e9es!&nbsp;<\/h1>\n\n\n\n<p>N'h\u00e9sitez pas \u00e0 nous contacter si vous avez des questions ou si vous souhaitez simplement nous dire bonjour. Nous sommes toujours ravis de vous r\u00e9pondre et nous vous r\u00e9pondrons dans les plus brefs d\u00e9lais.&nbsp;<\/p>\n\n<\/div>\n\n<div class=\"gb-container gb-container-cae5cad6\">\n\n<h2 class=\"gb-headline gb-headline-221dc78f gb-headline-text\">Chercheurs principaux<\/h2>\n\n\n\n<p><a href=\"https:\/\/brocku.ca\/humanities\/english-language-and-literature\/faculty\/neta-gordon\/\">Dr. Neta Gordon<\/a>, <a href=\"mailto:ngordon@brocku.ca\"><mark style=\"background-color:rgba(0, 0, 0, 0)\" class=\"has-inline-color has-accent-color\">ngordon@brocku.ca<\/mark><\/a><\/p>\n\n\n\n<p><a href=\"https:\/\/aaronmauro.cfdh.ca\/\">Dr. Aaron Mauro<\/a>, <a href=\"mailto:amauro@brocku.ca\"><mark style=\"background-color:rgba(0, 0, 0, 0)\" class=\"has-inline-color has-accent-color\">amauro@brocku.ca<\/mark><\/a><\/p>\n\n\n\n<p><\/p>\n\n<\/div>\n<\/div>\n<\/div>","protected":false},"excerpt":{"rendered":"<p>We&#8217;re always looking for collaborators with great ideas!&nbsp; Feel free to reach out if you have any questions or just want to say hello. We&#8217;re always happy to connect, and we&#8217;ll get back to you as soon as possible.&nbsp; Primary Investigators Dr. Neta Gordon, ngordon@brocku.ca Dr. Aaron Mauro, amauro@brocku.ca<\/p>","protected":false},"author":2,"featured_media":0,"parent":0,"menu_order":0,"comment_status":"closed","ping_status":"closed","template":"","meta":{"footnotes":""},"class_list":{"0":"post-4572","1":"page","2":"type-page","3":"status-publish","5":"no-featured-image-padding"},"yoast_head":"<!-- This site is optimized with the Yoast SEO plugin v27.5 - https:\/\/yoast.com\/product\/yoast-seo-wordpress\/ -->\n<title>Contact - Mapping Ann-Marie MacDonald<\/title>\n<meta name=\"robots\" content=\"index, follow, max-snippet:-1, max-image-preview:large, max-video-preview:-1\" \/>\n<link rel=\"canonical\" href=\"https:\/\/mamm.cfdh.ca\/fr\/contact\/\" \/>\n<meta property=\"og:locale\" content=\"fr_FR\" \/>\n<meta property=\"og:type\" content=\"article\" \/>\n<meta property=\"og:title\" content=\"Contact - Mapping Ann-Marie MacDonald\" \/>\n<meta property=\"og:description\" content=\"We&#8217;re always looking for collaborators with great ideas!&nbsp; Feel free to reach out if you have any questions or just want to say hello. We&#8217;re always happy to connect, and we&#8217;ll get back to you as soon as possible.&nbsp; Primary Investigators Dr. Neta Gordon, ngordon@brocku.ca Dr. Aaron Mauro, amauro@brocku.ca\" \/>\n<meta property=\"og:url\" content=\"https:\/\/mamm.cfdh.ca\/fr\/contact\/\" \/>\n<meta property=\"og:site_name\" content=\"Mapping Ann-Marie MacDonald\" \/>\n<meta property=\"article:modified_time\" content=\"2024-06-13T15:21:09+00:00\" \/>\n<meta name=\"twitter:card\" content=\"summary_large_image\" \/>\n<meta name=\"twitter:label1\" content=\"Dur\u00e9e de lecture estim\u00e9e\" \/>\n\t<meta name=\"twitter:data1\" content=\"1 minute\" \/>\n<script type=\"application\/ld+json\" class=\"yoast-schema-graph\">{\"@context\":\"https:\\\/\\\/schema.org\",\"@graph\":[{\"@type\":\"WebPage\",\"@id\":\"https:\\\/\\\/mamm.cfdh.ca\\\/contact\\\/\",\"url\":\"https:\\\/\\\/mamm.cfdh.ca\\\/contact\\\/\",\"name\":\"Contact - Mapping Ann-Marie MacDonald\",\"isPartOf\":{\"@id\":\"https:\\\/\\\/mamm.cfdh.ca\\\/#website\"},\"datePublished\":\"2020-08-27T14:44:40+00:00\",\"dateModified\":\"2024-06-13T15:21:09+00:00\",\"breadcrumb\":{\"@id\":\"https:\\\/\\\/mamm.cfdh.ca\\\/contact\\\/#breadcrumb\"},\"inLanguage\":\"fr-FR\",\"potentialAction\":[{\"@type\":\"ReadAction\",\"target\":[\"https:\\\/\\\/mamm.cfdh.ca\\\/contact\\\/\"]}]},{\"@type\":\"BreadcrumbList\",\"@id\":\"https:\\\/\\\/mamm.cfdh.ca\\\/contact\\\/#breadcrumb\",\"itemListElement\":[{\"@type\":\"ListItem\",\"position\":1,\"name\":\"Home\",\"item\":\"https:\\\/\\\/mamm.cfdh.ca\\\/\"},{\"@type\":\"ListItem\",\"position\":2,\"name\":\"Contact\"}]},{\"@type\":\"WebSite\",\"@id\":\"https:\\\/\\\/mamm.cfdh.ca\\\/#website\",\"url\":\"https:\\\/\\\/mamm.cfdh.ca\\\/\",\"name\":\"Mapping Ann-Marie MacDonald\",\"description\":\"\",\"publisher\":{\"@id\":\"https:\\\/\\\/mamm.cfdh.ca\\\/#organization\"},\"potentialAction\":[{\"@type\":\"SearchAction\",\"target\":{\"@type\":\"EntryPoint\",\"urlTemplate\":\"https:\\\/\\\/mamm.cfdh.ca\\\/?s={search_term_string}\"},\"query-input\":{\"@type\":\"PropertyValueSpecification\",\"valueRequired\":true,\"valueName\":\"search_term_string\"}}],\"inLanguage\":\"fr-FR\"},{\"@type\":\"Organization\",\"@id\":\"https:\\\/\\\/mamm.cfdh.ca\\\/#organization\",\"name\":\"Mapping Ann-Marie MacDonald\",\"url\":\"https:\\\/\\\/mamm.cfdh.ca\\\/\",\"logo\":{\"@type\":\"ImageObject\",\"inLanguage\":\"fr-FR\",\"@id\":\"https:\\\/\\\/mamm.cfdh.ca\\\/#\\\/schema\\\/logo\\\/image\\\/\",\"url\":\"https:\\\/\\\/mamm.cfdh.ca\\\/wp-content\\\/uploads\\\/2024\\\/02\\\/cropped-03-AMM-Logo-Color.png\",\"contentUrl\":\"https:\\\/\\\/mamm.cfdh.ca\\\/wp-content\\\/uploads\\\/2024\\\/02\\\/cropped-03-AMM-Logo-Color.png\",\"width\":1500,\"height\":1444,\"caption\":\"Mapping Ann-Marie MacDonald\"},\"image\":{\"@id\":\"https:\\\/\\\/mamm.cfdh.ca\\\/#\\\/schema\\\/logo\\\/image\\\/\"}}]}<\/script>\n<!-- \/ Yoast SEO plugin. -->","yoast_head_json":{"title":"Contact - Mapping Ann-Marie MacDonald","robots":{"index":"index","follow":"follow","max-snippet":"max-snippet:-1","max-image-preview":"max-image-preview:large","max-video-preview":"max-video-preview:-1"},"canonical":"https:\/\/mamm.cfdh.ca\/fr\/contact\/","og_locale":"fr_FR","og_type":"article","og_title":"Contact - Mapping Ann-Marie MacDonald","og_description":"We&#8217;re always looking for collaborators with great ideas!&nbsp; Feel free to reach out if you have any questions or just want to say hello. We&#8217;re always happy to connect, and we&#8217;ll get back to you as soon as possible.&nbsp; Primary Investigators Dr. Neta Gordon, ngordon@brocku.ca Dr. Aaron Mauro, amauro@brocku.ca","og_url":"https:\/\/mamm.cfdh.ca\/fr\/contact\/","og_site_name":"Mapping Ann-Marie MacDonald","article_modified_time":"2024-06-13T15:21:09+00:00","twitter_card":"summary_large_image","twitter_misc":{"Dur\u00e9e de lecture estim\u00e9e":"1 minute"},"schema":{"@context":"https:\/\/schema.org","@graph":[{"@type":"WebPage","@id":"https:\/\/mamm.cfdh.ca\/contact\/","url":"https:\/\/mamm.cfdh.ca\/contact\/","name":"Contact - Mapping Ann-Marie MacDonald","isPartOf":{"@id":"https:\/\/mamm.cfdh.ca\/#website"},"datePublished":"2020-08-27T14:44:40+00:00","dateModified":"2024-06-13T15:21:09+00:00","breadcrumb":{"@id":"https:\/\/mamm.cfdh.ca\/contact\/#breadcrumb"},"inLanguage":"fr-FR","potentialAction":[{"@type":"ReadAction","target":["https:\/\/mamm.cfdh.ca\/contact\/"]}]},{"@type":"BreadcrumbList","@id":"https:\/\/mamm.cfdh.ca\/contact\/#breadcrumb","itemListElement":[{"@type":"ListItem","position":1,"name":"Home","item":"https:\/\/mamm.cfdh.ca\/"},{"@type":"ListItem","position":2,"name":"Contact"}]},{"@type":"WebSite","@id":"https:\/\/mamm.cfdh.ca\/#website","url":"https:\/\/mamm.cfdh.ca\/","name":"Cartographie d'Ann-Marie MacDonald","description":"","publisher":{"@id":"https:\/\/mamm.cfdh.ca\/#organization"},"potentialAction":[{"@type":"SearchAction","target":{"@type":"EntryPoint","urlTemplate":"https:\/\/mamm.cfdh.ca\/?s={search_term_string}"},"query-input":{"@type":"PropertyValueSpecification","valueRequired":true,"valueName":"search_term_string"}}],"inLanguage":"fr-FR"},{"@type":"Organization","@id":"https:\/\/mamm.cfdh.ca\/#organization","name":"Cartographie d'Ann-Marie MacDonald","url":"https:\/\/mamm.cfdh.ca\/","logo":{"@type":"ImageObject","inLanguage":"fr-FR","@id":"https:\/\/mamm.cfdh.ca\/#\/schema\/logo\/image\/","url":"https:\/\/mamm.cfdh.ca\/wp-content\/uploads\/2024\/02\/cropped-03-AMM-Logo-Color.png","contentUrl":"https:\/\/mamm.cfdh.ca\/wp-content\/uploads\/2024\/02\/cropped-03-AMM-Logo-Color.png","width":1500,"height":1444,"caption":"Mapping Ann-Marie MacDonald"},"image":{"@id":"https:\/\/mamm.cfdh.ca\/#\/schema\/logo\/image\/"}}]}},"_links":{"self":[{"href":"https:\/\/mamm.cfdh.ca\/fr\/wp-json\/wp\/v2\/pages\/4572","targetHints":{"allow":["GET"]}}],"collection":[{"href":"https:\/\/mamm.cfdh.ca\/fr\/wp-json\/wp\/v2\/pages"}],"about":[{"href":"https:\/\/mamm.cfdh.ca\/fr\/wp-json\/wp\/v2\/types\/page"}],"author":[{"embeddable":true,"href":"https:\/\/mamm.cfdh.ca\/fr\/wp-json\/wp\/v2\/users\/2"}],"replies":[{"embeddable":true,"href":"https:\/\/mamm.cfdh.ca\/fr\/wp-json\/wp\/v2\/comments?post=4572"}],"version-history":[{"count":11,"href":"https:\/\/mamm.cfdh.ca\/fr\/wp-json\/wp\/v2\/pages\/4572\/revisions"}],"predecessor-version":[{"id":7342,"href":"https:\/\/mamm.cfdh.ca\/fr\/wp-json\/wp\/v2\/pages\/4572\/revisions\/7342"}],"wp:attachment":[{"href":"https:\/\/mamm.cfdh.ca\/fr\/wp-json\/wp\/v2\/media?parent=4572"}],"curies":[{"name":"wp","href":"https:\/\/api.w.org\/{rel}","templated":true}]}}