{"id":7077,"date":"2024-05-17T16:53:40","date_gmt":"2024-05-17T16:53:40","guid":{"rendered":"https:\/\/mamm.cfdh.ca\/?page_id=7077"},"modified":"2025-12-03T22:11:33","modified_gmt":"2025-12-03T22:11:33","slug":"the-map","status":"publish","type":"page","link":"https:\/\/mamm.cfdh.ca\/fr\/the-map\/","title":{"rendered":"La carte"},"content":{"rendered":"<div class=\"gb-container gb-container-9bc13744\">\n<div class=\"gb-container gb-container-3a3db52e\">\n<div class=\"gb-container gb-container-b3dff89f\">\n\n<h1 class=\"gb-headline gb-headline-f14d9018 gb-headline-text\">La g\u00e9ographie litt\u00e9raire d'Ann-Marie MacDonald<\/h1>\n\n<\/div>\n<\/div>\n<\/div>\n\n<div class=\"gb-container gb-container-8b1a0c02\">\n<div class=\"gb-container gb-container-b890140c\">\n\n<h2 class=\"gb-headline gb-headline-f2728717 gb-headline-text\">Comment utiliser cette carte <\/h2>\n\n\n\n<p>La carte est un prototype et est r\u00e9guli\u00e8rement mise \u00e0 jour !<\/p>\n\n\n\n<p>La carte montre des donn\u00e9es associ\u00e9es \u00e0 quatre romans de MacDonald, notamment \u00ab Fall on Your Knees \u00bb (1996), \u00ab The Way the Crow Flies \u00bb (2003), \u00ab Adult Onset \u00bb (2014) et \u00ab Fayne \u00bb (2022). Ces cartes incluent des collections sp\u00e9cialis\u00e9es, notamment les pratiques spatiales de deux personnages secondaires du roman 2003 de MacDonald, \u00ab The Way the Crow Flies \u00bb. <em>Fall on Your Knees<\/em> (1996), <em>The Way the Crow Flies<\/em> (2003), <em>Adult Onset<\/em> (2014), and <em>Fayne<\/em> (2022). Included in these maps are specialized collections, including the spatial practices of two secondary characters from MacDonald&#8217;s 2003 novel, <em>The Way the Crow Flies<\/em>.<\/p>\n\n\n\n<p class=\"gb-headline gb-headline-4b6702e1\"><span class=\"gb-icon\"><svg xmlns=\"http:\/\/www.w3.org\/2000\/svg\" viewbox=\"0 0 256 512\" width=\"1em\" height=\"1em\" aria-hidden=\"true\"><path d=\"M224.3 273l-136 136c-9.4 9.4-24.6 9.4-33.9 0l-22.6-22.6c-9.4-9.4-9.4-24.6 0-33.9l96.4-96.4-96.4-96.4c-9.4-9.4-9.4-24.6 0-33.9L54.3 103c9.4-9.4 24.6-9.4 33.9 0l136 136c9.5 9.4 9.5 24.6.1 34z\" fill=\"currentColor\"><\/path><\/svg><\/span><span class=\"gb-headline-text\">Les points sur la carte montrent des repr\u00e9sentations textuelles individuelles. <\/span><\/p>\n\n\n\n<p class=\"gb-headline gb-headline-493ca9d1\"><span class=\"gb-icon\"><svg xmlns=\"http:\/\/www.w3.org\/2000\/svg\" viewbox=\"0 0 256 512\" width=\"1em\" height=\"1em\" aria-hidden=\"true\"><path d=\"M224.3 273l-136 136c-9.4 9.4-24.6 9.4-33.9 0l-22.6-22.6c-9.4-9.4-9.4-24.6 0-33.9l96.4-96.4-96.4-96.4c-9.4-9.4-9.4-24.6 0-33.9L54.3 103c9.4-9.4 24.6-9.4 33.9 0l136 136c9.5 9.4 9.5 24.6.1 34z\" fill=\"currentColor\"><\/path><\/svg><\/span><span class=\"gb-headline-text\">Pour chaque lieu mentionn\u00e9 dans le texte, une citation source est fournie, de m\u00eame que la nature de la focalisation litt\u00e9raire et une justification ont \u00e9t\u00e9 recueillies.<\/span><\/p>\n\n\n\n<p class=\"gb-headline gb-headline-049baab6\"><span class=\"gb-icon\"><svg xmlns=\"http:\/\/www.w3.org\/2000\/svg\" viewbox=\"0 0 256 512\" width=\"1em\" height=\"1em\" aria-hidden=\"true\"><path d=\"M224.3 273l-136 136c-9.4 9.4-24.6 9.4-33.9 0l-22.6-22.6c-9.4-9.4-9.4-24.6 0-33.9l96.4-96.4-96.4-96.4c-9.4-9.4-9.4-24.6 0-33.9L54.3 103c9.4-9.4 24.6-9.4 33.9 0l136 136c9.5 9.4 9.5 24.6.1 34z\" fill=\"currentColor\"><\/path><\/svg><\/span><span class=\"gb-headline-text\">Pour plusieurs points, le pop-up de donn\u00e9es inclut plusieurs exemples, ainsi qu'une image d'un objet du fichier personnel de MacDonald, associ\u00e9 soit \u00e0 sa recherche, soit \u00e0 son processus d'\u00e9criture.<\/span><\/p>\n\n<\/div>\n<\/div>\n\n<div class=\"gb-container gb-container-6c68a289\">\n<style>\n       .errordiv { padding:10px; margin:10px; border: 1px solid #555555;color: #000000;background-color: #f8f8f8; width:500px; }#advanced_iframe {visibility:visible;opacity:1;vertical-align:top;}.ai-info-bottom-iframe { position: fixed; z-index: 10000; bottom:0; left: 0; margin: 0px; text-align: center; width: 100%; background-color: #ff9999; padding-left: 5px;padding-bottom: 5px; border-top: 1px solid #aaa } a.ai-bold {font-weight: bold;}#ai-layer-div-advanced_iframe p {height:100%;margin:0;padding:0}<\/style><script type=\"text\/javascript\">var ai_iframe_width_advanced_iframe = 0;var ai_iframe_height_advanced_iframe = 0;function aiReceiveMessageadvanced_iframe(event) {  aiProcessMessage(event,\"advanced_iframe\", \"true\",\"\",\"false\",\"false\");}if (window.addEventListener) {  window.addEventListener(\"message\", aiReceiveMessageadvanced_iframe);} else if (el.attachEvent)  {  el.attachEvent(\"message\", aiReceiveMessageadvanced_iframe);}var aiOnloadScrollTop=\"true\";var aiShowDebug=false;\n\t\tif (typeof aiReadyCallbacks === 'undefined') {\n\t\t\tvar aiReadyCallbacks = [];\n\t\t} else if (!(aiReadyCallbacks instanceof Array)) {\n\t\t\tvar aiReadyCallbacks = [];\n\t\t}    function aiShowIframeId(id_iframe) { jQuery(\"#\"+id_iframe).css(\"visibility\", \"visible\");    }    function aiResizeIframeHeight(height) { aiResizeIframeHeight(height,advanced_iframe); }    function aiResizeIframeHeightId(height,width,id) {aiResizeIframeHeightById(id,height);}<\/script><iframe id=\"advanced_iframe\"  name=\"advanced_iframe\"  src=\"https:\/\/brock.maps.arcgis.com\/apps\/mapviewer\/index.html?configurableview=true&#038;webmap=9a35483c28534fe88d9404d1d73f4f70&#038;theme=light&#038;legend=true&#038;share=true&#038;scroll=false\u00a2er=-67.83715064230137,45.821957235865284&#038;scale=4622324.434309\"  width=\"100%\"  height=\"1000\"  frameborder=\"0\"  border=\"0\"  allowtransparency=\"true\"  loading=\"lazy\"  style=\";border-width: 0px;;border: none;;width:100%;;height:1000px;\" ><\/iframe><script type=\"text\/javascript\">var ifrm_advanced_iframe = document.getElementById(\"advanced_iframe\");var hiddenTabsDoneadvanced_iframe = false;\nfunction resizeCallbackadvanced_iframe() {}<\/script><script type=\"text\/javascript\"><\/script>\n<\/div>","protected":false},"excerpt":{"rendered":"<p>The literary geography of Ann-Marie MacDonald How to use this map The map is a prototype and is regularly updated! The map shows data associated with four of MacDonald&#8217;s novels, including Fall on Your Knees (1996), The Way the Crow Flies (2003), Adult Onset (2014), and Fayne (2022). Included in these maps are specialized collections, &#8230; <a title=\"La carte\" class=\"read-more\" href=\"https:\/\/mamm.cfdh.ca\/fr\/the-map\/\" aria-label=\"En savoir plus sur The Map\">En savoir plus<\/a><\/p>","protected":false},"author":2,"featured_media":0,"parent":0,"menu_order":0,"comment_status":"closed","ping_status":"closed","template":"","meta":{"footnotes":""},"class_list":{"0":"post-7077","1":"page","2":"type-page","3":"status-publish","5":"no-featured-image-padding"},"yoast_head":"<!-- This site is optimized with the Yoast SEO plugin v27.5 - https:\/\/yoast.com\/product\/yoast-seo-wordpress\/ -->\n<title>The Map - Mapping Ann-Marie MacDonald<\/title>\n<meta name=\"robots\" content=\"index, follow, max-snippet:-1, max-image-preview:large, max-video-preview:-1\" \/>\n<link rel=\"canonical\" href=\"https:\/\/mamm.cfdh.ca\/fr\/the-map\/\" \/>\n<meta property=\"og:locale\" content=\"fr_FR\" \/>\n<meta property=\"og:type\" content=\"article\" \/>\n<meta property=\"og:title\" content=\"The Map - Mapping Ann-Marie MacDonald\" \/>\n<meta property=\"og:description\" content=\"The literary geography of Ann-Marie MacDonald How to use this map The map is a prototype and is regularly updated! The map shows data associated with four of MacDonald&#8217;s novels, including Fall on Your Knees (1996), The Way the Crow Flies (2003), Adult Onset (2014), and Fayne (2022). Included in these maps are specialized collections, ... Read More\" \/>\n<meta property=\"og:url\" content=\"https:\/\/mamm.cfdh.ca\/fr\/the-map\/\" \/>\n<meta property=\"og:site_name\" content=\"Mapping Ann-Marie MacDonald\" \/>\n<meta property=\"article:modified_time\" content=\"2025-12-03T22:11:33+00:00\" \/>\n<meta name=\"twitter:card\" content=\"summary_large_image\" \/>\n<meta name=\"twitter:label1\" content=\"Dur\u00e9e de lecture estim\u00e9e\" \/>\n\t<meta name=\"twitter:data1\" content=\"1 minute\" \/>\n<script type=\"application\/ld+json\" class=\"yoast-schema-graph\">{\"@context\":\"https:\\\/\\\/schema.org\",\"@graph\":[{\"@type\":\"WebPage\",\"@id\":\"https:\\\/\\\/mamm.cfdh.ca\\\/the-map\\\/\",\"url\":\"https:\\\/\\\/mamm.cfdh.ca\\\/the-map\\\/\",\"name\":\"The Map - Mapping Ann-Marie MacDonald\",\"isPartOf\":{\"@id\":\"https:\\\/\\\/mamm.cfdh.ca\\\/#website\"},\"datePublished\":\"2024-05-17T16:53:40+00:00\",\"dateModified\":\"2025-12-03T22:11:33+00:00\",\"breadcrumb\":{\"@id\":\"https:\\\/\\\/mamm.cfdh.ca\\\/the-map\\\/#breadcrumb\"},\"inLanguage\":\"fr-FR\",\"potentialAction\":[{\"@type\":\"ReadAction\",\"target\":[\"https:\\\/\\\/mamm.cfdh.ca\\\/the-map\\\/\"]}]},{\"@type\":\"BreadcrumbList\",\"@id\":\"https:\\\/\\\/mamm.cfdh.ca\\\/the-map\\\/#breadcrumb\",\"itemListElement\":[{\"@type\":\"ListItem\",\"position\":1,\"name\":\"Home\",\"item\":\"https:\\\/\\\/mamm.cfdh.ca\\\/\"},{\"@type\":\"ListItem\",\"position\":2,\"name\":\"The Map\"}]},{\"@type\":\"WebSite\",\"@id\":\"https:\\\/\\\/mamm.cfdh.ca\\\/#website\",\"url\":\"https:\\\/\\\/mamm.cfdh.ca\\\/\",\"name\":\"Mapping Ann-Marie MacDonald\",\"description\":\"\",\"publisher\":{\"@id\":\"https:\\\/\\\/mamm.cfdh.ca\\\/#organization\"},\"potentialAction\":[{\"@type\":\"SearchAction\",\"target\":{\"@type\":\"EntryPoint\",\"urlTemplate\":\"https:\\\/\\\/mamm.cfdh.ca\\\/?s={search_term_string}\"},\"query-input\":{\"@type\":\"PropertyValueSpecification\",\"valueRequired\":true,\"valueName\":\"search_term_string\"}}],\"inLanguage\":\"fr-FR\"},{\"@type\":\"Organization\",\"@id\":\"https:\\\/\\\/mamm.cfdh.ca\\\/#organization\",\"name\":\"Mapping Ann-Marie MacDonald\",\"url\":\"https:\\\/\\\/mamm.cfdh.ca\\\/\",\"logo\":{\"@type\":\"ImageObject\",\"inLanguage\":\"fr-FR\",\"@id\":\"https:\\\/\\\/mamm.cfdh.ca\\\/#\\\/schema\\\/logo\\\/image\\\/\",\"url\":\"https:\\\/\\\/mamm.cfdh.ca\\\/wp-content\\\/uploads\\\/2024\\\/02\\\/cropped-03-AMM-Logo-Color.png\",\"contentUrl\":\"https:\\\/\\\/mamm.cfdh.ca\\\/wp-content\\\/uploads\\\/2024\\\/02\\\/cropped-03-AMM-Logo-Color.png\",\"width\":1500,\"height\":1444,\"caption\":\"Mapping Ann-Marie MacDonald\"},\"image\":{\"@id\":\"https:\\\/\\\/mamm.cfdh.ca\\\/#\\\/schema\\\/logo\\\/image\\\/\"}}]}<\/script>\n<!-- \/ Yoast SEO plugin. -->","yoast_head_json":{"title":"The Map - Mapping Ann-Marie MacDonald","robots":{"index":"index","follow":"follow","max-snippet":"max-snippet:-1","max-image-preview":"max-image-preview:large","max-video-preview":"max-video-preview:-1"},"canonical":"https:\/\/mamm.cfdh.ca\/fr\/the-map\/","og_locale":"fr_FR","og_type":"article","og_title":"The Map - Mapping Ann-Marie MacDonald","og_description":"The literary geography of Ann-Marie MacDonald How to use this map The map is a prototype and is regularly updated! The map shows data associated with four of MacDonald&#8217;s novels, including Fall on Your Knees (1996), The Way the Crow Flies (2003), Adult Onset (2014), and Fayne (2022). Included in these maps are specialized collections, ... Read More","og_url":"https:\/\/mamm.cfdh.ca\/fr\/the-map\/","og_site_name":"Mapping Ann-Marie MacDonald","article_modified_time":"2025-12-03T22:11:33+00:00","twitter_card":"summary_large_image","twitter_misc":{"Dur\u00e9e de lecture estim\u00e9e":"1 minute"},"schema":{"@context":"https:\/\/schema.org","@graph":[{"@type":"WebPage","@id":"https:\/\/mamm.cfdh.ca\/the-map\/","url":"https:\/\/mamm.cfdh.ca\/the-map\/","name":"The Map - Mapping Ann-Marie MacDonald","isPartOf":{"@id":"https:\/\/mamm.cfdh.ca\/#website"},"datePublished":"2024-05-17T16:53:40+00:00","dateModified":"2025-12-03T22:11:33+00:00","breadcrumb":{"@id":"https:\/\/mamm.cfdh.ca\/the-map\/#breadcrumb"},"inLanguage":"fr-FR","potentialAction":[{"@type":"ReadAction","target":["https:\/\/mamm.cfdh.ca\/the-map\/"]}]},{"@type":"BreadcrumbList","@id":"https:\/\/mamm.cfdh.ca\/the-map\/#breadcrumb","itemListElement":[{"@type":"ListItem","position":1,"name":"Home","item":"https:\/\/mamm.cfdh.ca\/"},{"@type":"ListItem","position":2,"name":"The Map"}]},{"@type":"WebSite","@id":"https:\/\/mamm.cfdh.ca\/#website","url":"https:\/\/mamm.cfdh.ca\/","name":"Cartographie d'Ann-Marie MacDonald","description":"","publisher":{"@id":"https:\/\/mamm.cfdh.ca\/#organization"},"potentialAction":[{"@type":"SearchAction","target":{"@type":"EntryPoint","urlTemplate":"https:\/\/mamm.cfdh.ca\/?s={search_term_string}"},"query-input":{"@type":"PropertyValueSpecification","valueRequired":true,"valueName":"search_term_string"}}],"inLanguage":"fr-FR"},{"@type":"Organization","@id":"https:\/\/mamm.cfdh.ca\/#organization","name":"Cartographie d'Ann-Marie MacDonald","url":"https:\/\/mamm.cfdh.ca\/","logo":{"@type":"ImageObject","inLanguage":"fr-FR","@id":"https:\/\/mamm.cfdh.ca\/#\/schema\/logo\/image\/","url":"https:\/\/mamm.cfdh.ca\/wp-content\/uploads\/2024\/02\/cropped-03-AMM-Logo-Color.png","contentUrl":"https:\/\/mamm.cfdh.ca\/wp-content\/uploads\/2024\/02\/cropped-03-AMM-Logo-Color.png","width":1500,"height":1444,"caption":"Mapping Ann-Marie MacDonald"},"image":{"@id":"https:\/\/mamm.cfdh.ca\/#\/schema\/logo\/image\/"}}]}},"_links":{"self":[{"href":"https:\/\/mamm.cfdh.ca\/fr\/wp-json\/wp\/v2\/pages\/7077","targetHints":{"allow":["GET"]}}],"collection":[{"href":"https:\/\/mamm.cfdh.ca\/fr\/wp-json\/wp\/v2\/pages"}],"about":[{"href":"https:\/\/mamm.cfdh.ca\/fr\/wp-json\/wp\/v2\/types\/page"}],"author":[{"embeddable":true,"href":"https:\/\/mamm.cfdh.ca\/fr\/wp-json\/wp\/v2\/users\/2"}],"replies":[{"embeddable":true,"href":"https:\/\/mamm.cfdh.ca\/fr\/wp-json\/wp\/v2\/comments?post=7077"}],"version-history":[{"count":24,"href":"https:\/\/mamm.cfdh.ca\/fr\/wp-json\/wp\/v2\/pages\/7077\/revisions"}],"predecessor-version":[{"id":7602,"href":"https:\/\/mamm.cfdh.ca\/fr\/wp-json\/wp\/v2\/pages\/7077\/revisions\/7602"}],"wp:attachment":[{"href":"https:\/\/mamm.cfdh.ca\/fr\/wp-json\/wp\/v2\/media?parent=7077"}],"curies":[{"name":"wp","href":"https:\/\/api.w.org\/{rel}","templated":true}]}}